{"id":6280,"date":"2023-05-19T13:46:27","date_gmt":"2023-05-19T13:46:27","guid":{"rendered":"https:\/\/www.generaldefence.it\/privacy-policy-2\/"},"modified":"2024-04-22T12:45:23","modified_gmt":"2024-04-22T12:45:23","slug":"privacy-policy-2","status":"publish","type":"page","link":"https:\/\/www.generaldefence.it\/en\/privacy-policy-2\/","title":{"rendered":"Privacy Policy"},"content":{"rendered":"<section data-bb-version=\"4.5.6\" id=\"bt_bb_section69f81c87cfbed\" class=\"bt_bb_section bt_bb_layout_boxed_1200 bt_bb_vertical_align_top bt_bb_top_spacing_large bt_bb_bottom_spacing_none\"  data-bt-override-class=\"{&quot;bt_bb_top_spacing_&quot;:{&quot;current_class&quot;:&quot;bt_bb_top_spacing_large&quot;,&quot;def&quot;:&quot;large&quot;},&quot;bt_bb_bottom_spacing_&quot;:{&quot;current_class&quot;:&quot;bt_bb_bottom_spacing_none&quot;,&quot;def&quot;:&quot;none&quot;}}\"><div class=\"bt_bb_port\"><div class=\"bt_bb_cell\"><div class=\"bt_bb_cell_inner\"><div class=\"bt_bb_row \"  data-bt-override-class=\"{}\"><div class=\"bt_bb_row_holder\" ><div data-bb-version=\"4.5.6\"  class=\"bt_bb_column col-xl-12 col-xs-12 col-sm-12 col-md-12 col-lg-12 bt_bb_align_left bt_bb_vertical_align_top bt_bb_padding_normal\"  data-width=\"12\" data-bt-override-class=\"{}\"><div class=\"bt_bb_column_content\"><div data-bb-version=\"4.6.1\"  class=\"bt_bb_text\" ><\/p>\n<p>Questa policy \u00e8 stata aggiornata ad Aprile del 2024.<\/p>\n<h3><strong>INFORMATIVA DEL SITO<\/strong><\/h3>\n<p>La presente informativa \u00e8 finalizzata a fornire agli utenti del sito <a href=\"https:\/\/www.generaldefence.it\/en\/\">www.generaldefence.it<\/a> un quadro chiaro dell\u2019utilizzo dei dati personali raccolti da parte di \u201cGeneral Defence\u201d (nel seguito anche \u201cGD\u201d), Titolare del trattamento e gestore del sito, ai sensi e per gli effetti del Regolamento UE 2016\/679 del 27 aprile 2016 (di seguito, congiuntamente, \u201cNormativa Privacy\u201d) e successive modificazioni o integrazione oltre alla Raccomandazione n. 2\/2001 relativa ai requisiti minimi per la raccolta di dati on-line nell\u2019Unione Europea.<\/p>\n<p>L\u2019informativa \u00e8 resa solo per il sito <a href=\"https:\/\/www.generaldefence.it\/en\/\">www.generaldefence.it<\/a> e non anche per altri siti web eventualmente consultati dall\u2019utente tramite link.<\/p>\n<h3><strong>TITOLARE DEL TRATTAMENTO<\/strong><\/h3>\n<p>Il Titolare del trattamento \u00e8 GCG S.p.A. con sede legale in Foro Buonaparte, 68 &#8211; 20121 Milano (MI), contattabile anche via e-mail all\u2019indirizzo <a href=\"mailto:privacy@gci.it\">privacy@gci.it<\/a> o via telefono al numero +39 02 9009 2830.<\/p>\n<h3><strong>TIPOLOGIA DI DATI TRATTATI, FINALIT\u00c0 E BASI GIURIDICHE DEL TRATTAMENTO <\/strong><\/h3>\n<h4><strong>DATI DI NAVIGAZIONE<\/strong><\/h4>\n<p>GCG S.p.A., in qualit\u00e0 di Titolare del trattamento del sito web, raccoglie e tratta i dati degli utenti del sito per le seguenti finalit\u00e0:<\/p>\n<ul>\n<li>Funzionamento dei sistemi informatici di gestione del Sito e nell\u2019uso dei protocolli di comunicazione propri di Internet (si tratta, ad esempio, degli indirizzi IP, dei nomi a dominio dei computer degli utenti che si connettono al Sito, orario della richiesta, metodo utilizzato per sottoporre la richiesta al server, della dimensione del file ottenuto in risposta e di altri parametri relativi al sistema operativo ed all\u2019ambiente informatico dell\u2019utente);<\/li>\n<li>Controllo delle performance del Sito al fine di migliorarlo ulteriormente;<\/li>\n<li>Accertamento di eventuali responsabilit\u00e0 in caso di ipotetici reati informatici realizzati a danno del Sito o attraverso lo stesso.<\/li>\n<\/ul>\n<p>Ad eccezione di tali ipotesi, i dati di navigazione degli utenti sono conservati nei limiti temporali stabiliti dalla vigente normativa o aggregati in forma anonima che non consenta di identificare l\u2019utente. I dati di navigazione non vengono comunicati o diffusi.<\/p>\n<p>Per ulteriori informazioni circa i cookies utilizzati nel sito web www.generaldefence.it si rimanda all\u2019apposita informativa sui cookie.<\/p>\n<h4><strong>DATI PERSONALI FORNITI VOLONTARIAMENTE DALL\u2019UTENTE <\/strong><\/h4>\n<p>GCG S.p.A., in qualit\u00e0 di Titolare del trattamento del sito web, raccoglie e tratta i dati degli utenti del sito per le seguenti finalit\u00e0 e basi legali:<\/p>\n<ul>\n<li>Permettere all\u2019utente la possibilit\u00e0 di essere ricontattato compilando uno specifico form;<\/li>\n<li>Permettere ad eventuali interessati di fornire la propria candidatura a posizioni aperte nell\u2019organizzazione di GCG S.p.A.;<\/li>\n<li>Consentire l\u2019iscrizione alla newsletter per ricevere informazioni con finalit\u00e0 marketing; il trattamento di tali dati \u00e8 consentito solo previo specifico consenso dell\u2019interessato.<\/li>\n<\/ul>\n<p>La tipologia di dati raccolti e trattati potrebbe includere le seguenti informazioni:<\/p>\n<ul>\n<li>Nome e cognome;<\/li>\n<li>Data di nascita;<\/li>\n<li>Dati di contatto (e-mail, telefono, indirizzo, etc.).<\/li>\n<\/ul>\n<p>Fatta eccezione per quanto specificamente indicato in relazione ai c.d. dati di navigazione, il conferimento di dati personali da parte dell\u2019utente \u00e8 necessario per permettere:<\/p>\n<ul>\n<li>l\u2019invio di informazioni marketing o materiale pubblicitario;<\/li>\n<li>la risposta a domande e l\u2019invio di informazioni richieste dall\u2019utente tramite il sito.<\/li>\n<\/ul>\n<p>In tali casi, contrassegnati con asterisco all\u2019interno del Sito, l\u2019eventuale rifiuto di conferimento dei dati personali non consentir\u00e0 a GCG S.p.A. di eseguire le attivit\u00e0 sopra indicate.<\/p>\n<p>Il conferimento di altri dati personali richiesti nel Sito e non contrassegnati da asterisco \u00e8 da ritenersi facoltativo.<\/p>\n<h4><strong>CONSERVAZIONE DEI DATI RACCOLTI<\/strong><\/h4>\n<p>GCG S.p.A., in qualit\u00e0 di \u00e8 Titolare del trattamento, conserva nei propri sistemi i dati personali acquisiti in una forma che consenta l\u2019identificazione degli interessati per un arco di tempo non superiore al conseguimento delle finalit\u00e0 per le quali gli stessi sono trattati e in conformit\u00e0 a quanto previsto dalla vigente normativa in materia.<\/p>\n<h4><strong>MODALIT\u00c0 DEL TRATTAMENTO<\/strong><\/h4>\n<p>I dati personali raccolti da GCG S.p.A. sono trattati prevalentemente con strumenti elettronici od automatizzati per il tempo strettamente necessario a conseguire gli scopi per cui sono stati raccolti ed in conformit\u00e0 alle disposizioni vigenti in tema di sicurezza e riservatezza. Inoltre, i sistemi informativi ed i programmi informatici sono configurati riducendo al minimo l\u2019utilizzazione di dati personali e di identificativi non necessari alle specifiche finalit\u00e0 di trattamento perseguite.<\/p>\n<h4><strong>TRASFERIMENTO DI DATI ALL\u2019ESTERO<\/strong><\/h4>\n<p>Nell\u2019ambito delle finalit\u00e0 descritte nella presente informativa, GCG S.p.A. non diffonde o trasferisce verso Paesi terzi, ossia verso paesi fuori dai confini dell\u2019Unione Europea, i dati personali raccolti e forniti dagli interessati.<\/p>\n<h4><strong>COMUNICAZIONE DEI DATI <\/strong><\/h4>\n<p>I dati personali saranno trattati da GCG S.p.A. e dal personale interno ed esterno incaricato dal Titolare del trattamento, ivi compreso il personale preposto agli ordini, al marketing, all\u2019amministrazione, al magazzino, al servizio clienti e alla gestione e manutenzione dei sistemi informativi, nonch\u00e9 della piattaforma informatica del Sito, in relazione alle finalit\u00e0 sopra indicate.<\/p>\n<p>Fermo restando le comunicazioni effettuate in esecuzione di obblighi di legge per lo svolgimento delle attivit\u00e0 di trattamento descritte nella presente informativa, GCG S.p.A. effettua comunicazioni a societ\u00e0 o enti esterni.<\/p>\n<p>Sono di seguito elencate le categorie di soggetti destinatari di tali dati:<\/p>\n<ul>\n<li>soggetti terzi, per trattamenti necessari o connessi all\u2019invio di informazioni commerciali e promozionali per conto di GCG S.p.A. e\/o per l\u2019effettuazione di ricerche statistiche e di mercato inerenti l\u2019attivit\u00e0, prodotti e servizi di GCG S.p.A. in caso di consenso dell\u2019utente a tali finalit\u00e0 di trattamento. I dati personali dell\u2019utente non saranno in ogni caso comunicati a terzi per loro autonome finalit\u00e0 di carattere promozionale;<\/li>\n<li>fornitori di servizi di gestione e manutenzione dei sistemi informativi e del sito web, per il web hosting e la consegna di messaggi elettronici, per la conservazione e l\u2019hosting di archivi di dati informatici di GCG S.p.A..<\/li>\n<\/ul>\n<p>Con riferimento all\u2019ambito di diffusione dei dati personali dell\u2019utente, i dati personali raccolti da GCG S.p.A. non saranno oggetto di diffusione. \u00c8 implicito che, ove l\u2019utente decida di utilizzare il Sito per diffondere consapevolmente sulla rete Internet propri dati personali, tale ipotesi non costituisce diffusione da parte di GCG S.p.A..<\/p>\n<h3><strong>DIRITTI DEGLI INTERESSATI<\/strong><\/h3>\n<p>Informiamo infine che, ai sensi del Regolamento UE 2016\/679, l\u2019interessato potr\u00e0 esercitare specifici diritti, rivolgendosi al Titolare, tra i quali:<\/p>\n<ul>\n<li>Diritto di accesso: diritto di ottenere dal Titolare la conferma che sia o meno in corso un trattamento di dati personali e in tal caso, di ottenere l\u2019accesso ai dati personali e ad ulteriori informazioni su origine, finalit\u00e0, categoria di dati trattati, destinatari di comunicazione e\/o trasferimento dei dati, etc.<\/li>\n<li>Diritto di rettifica: diritto di ottenere dal Titolare la rettifica dei dati personali inesatti senza ingiustificato ritardo, nonch\u00e9 l\u2019integrazione dei dati personali incompleti, anche fornendo una dichiarazione integrativa.<\/li>\n<li>Diritto alla cancellazione: diritto di ottenere dal Titolare la cancellazione dei dati personali senza ingiustificato ritardo nel caso in cui:\n<ul>\n<li>i dati personali non sono pi\u00f9 necessari rispetto alle finalit\u00e0 del trattamento;<\/li>\n<li>il consenso su cui si basa il trattamento \u00e8 revocato e non sussiste altro fondamento giuridico per il trattamento;<\/li>\n<li>i dati personali sono stati trattati illecitamente;<\/li>\n<li>i dati personali devono essere cancellati per adempiere un obbligo legale.<\/li>\n<\/ul>\n<\/li>\n<li>Diritto di opposizione al trattamento: diritto di opporsi in qualsiasi momento al trattamento dei dati personali che hanno come base giuridica un interesse legittimo del Titolare.<\/li>\n<li>Diritto di revoca: L\u2019interessato ha il diritto di revocare il proprio consenso in qualsiasi momento. La revoca del consenso non pregiudica la liceit\u00e0 del trattamento basata sul consenso prima della revoca. Prima di esprimere il proprio consenso, l\u2019interessato \u00e8 informato di ci\u00f2. Il consenso \u00e8 revocato con la stessa facilit\u00e0 con cui \u00e8 accordato.<\/li>\n<li>Diritto di limitazione di trattamento: diritto di ottenere dal Titolare la limitazione del trattamento, nei casi in cui sia contestata l\u2019esattezza dei dati personali (per il periodo necessario al titolare del trattamento per verificare l\u2019esattezza di tali dati personali), se il trattamento \u00e8 illecito e\/o l\u2019interessato si \u00e8 opposto al trattamento.<\/li>\n<li>Diritto alla portabilit\u00e0 dei dati: diritto di ricevere in un formato strutturato, di uso comune e leggibile da dispositivo automatico i dati personali e di trasmettere tali dati ad altro titolare del trattamento, solo per i casi in cui il trattamento sia basato sul consenso o sul contratto e per i soli dati trattati tramite strumenti elettronici.<\/li>\n<li>Diritto di proporre reclamo a un\u2019autorit\u00e0 di controllo: fatto salvo ogni altro ricorso amministrativo o giurisdizionale, l\u2019interessato che ritenga che il trattamento che lo riguarda violi la Normativa Privacy ha il diritto di proporre reclamo all\u2019autorit\u00e0 di controllo dello Stato membro in cui risiede o lavora abitualmente, ovvero dello Stato in cui si \u00e8 verificata la presunta violazione.<\/li>\n<\/ul>\n<p>Tali diritti, potranno essere esercitati dall\u2019interessato, in ogni momento, scrivendo al Titolare del trattamento: GCG S.p.A. in Via Milano, 11 &#8211; 20084 Lacchiarella (MI), all\u2019attenzione del Referente Privacy oppure inviando una e-mail alla casella di posta elettronica a privacy@gci.it. A tutela della riservatezza dell\u2019utente, \u00e8 vietato l\u2019inserimento di dati sensibili all\u2019interno delle comunicazioni inviate ai predetti recapiti. Le richieste saranno soddisfatte, in ordine cronologico, il prima possibile e comunque entro i tempi stabiliti dalla normativa europea.<\/p>\n<h3><strong>CAMBIAMENTI ALLA PRESENTE INFORMATIVA<\/strong><\/h3>\n<p>La presente informativa potrebbe essere oggetto di modifiche. Eventuali versioni aggiornate saranno pubblicate sul sito di <a href=\"https:\/\/www.generaldefence.it\/privacy\/\">www.generaldefence.it<\/a> nella sezione Privacy.<\/p>\n<p>Qualora GCG S.p.A. intenda trattare ulteriormente i dati personali per finalit\u00e0 diverse da quelle per cui gli stessi sono stati raccolti, prima di ogni ulteriore trattamento, fornir\u00e0 agli interessati informazioni in merito a tali diverse finalit\u00e0, nonch\u00e9 ogni ulteriore informazione pertinente.<\/p>\n<p>\n<\/div><div data-bb-version=\"4.5.6\" class=\"bt_bb_separator bt_bb_border_style_none bt_bb_top_spacing_medium bt_bb_bottom_spacing_none\" data-bt-override-class=\"{&quot;bt_bb_top_spacing_&quot;:{&quot;current_class&quot;:&quot;bt_bb_top_spacing_medium&quot;,&quot;def&quot;:&quot;medium&quot;},&quot;bt_bb_bottom_spacing_&quot;:{&quot;current_class&quot;:&quot;bt_bb_bottom_spacing_none&quot;,&quot;def&quot;:&quot;none&quot;}}\"><\/div><\/div><\/div><\/div><\/div><\/div><!-- cell_inner --><\/div><!-- cell --><\/div><!-- port --><\/section>\n","protected":false},"excerpt":{"rendered":"","protected":false},"author":1,"featured_media":0,"parent":0,"menu_order":0,"comment_status":"closed","ping_status":"open","template":"","meta":{"_themeisle_gutenberg_block_has_review":false,"footnotes":""},"class_list":["post-6280","page","type-page","status-publish","hentry"],"yoast_head":"<!-- This site is optimized with the Yoast SEO plugin v26.5 - https:\/\/yoast.com\/wordpress\/plugins\/seo\/ -->\n<title>Privacy Policy - General Defence<\/title>\n<meta name=\"robots\" content=\"index, follow, max-snippet:-1, max-image-preview:large, max-video-preview:-1\" \/>\n<link rel=\"canonical\" href=\"https:\/\/www.generaldefence.it\/en\/privacy-policy-2\/\" \/>\n<meta property=\"og:locale\" content=\"en_US\" \/>\n<meta property=\"og:type\" content=\"article\" \/>\n<meta property=\"og:title\" content=\"Privacy Policy - General Defence\" \/>\n<meta property=\"og:url\" content=\"https:\/\/www.generaldefence.it\/en\/privacy-policy-2\/\" \/>\n<meta property=\"og:site_name\" content=\"General Defence\" \/>\n<meta property=\"article:modified_time\" content=\"2024-04-22T12:45:23+00:00\" \/>\n<meta name=\"twitter:card\" content=\"summary_large_image\" \/>\n<meta name=\"twitter:label1\" content=\"Est. reading time\" \/>\n\t<meta name=\"twitter:data1\" content=\"9 minutes\" \/>\n<script type=\"application\/ld+json\" class=\"yoast-schema-graph\">{\"@context\":\"https:\/\/schema.org\",\"@graph\":[{\"@type\":\"WebPage\",\"@id\":\"https:\/\/www.generaldefence.it\/en\/privacy-policy-2\/\",\"url\":\"https:\/\/www.generaldefence.it\/en\/privacy-policy-2\/\",\"name\":\"Privacy Policy - General Defence\",\"isPartOf\":{\"@id\":\"https:\/\/www.generaldefence.it\/en\/#website\"},\"datePublished\":\"2023-05-19T13:46:27+00:00\",\"dateModified\":\"2024-04-22T12:45:23+00:00\",\"breadcrumb\":{\"@id\":\"https:\/\/www.generaldefence.it\/en\/privacy-policy-2\/#breadcrumb\"},\"inLanguage\":\"en-US\",\"potentialAction\":[{\"@type\":\"ReadAction\",\"target\":[\"https:\/\/www.generaldefence.it\/en\/privacy-policy-2\/\"]}]},{\"@type\":\"BreadcrumbList\",\"@id\":\"https:\/\/www.generaldefence.it\/en\/privacy-policy-2\/#breadcrumb\",\"itemListElement\":[{\"@type\":\"ListItem\",\"position\":1,\"name\":\"Home\",\"item\":\"https:\/\/www.generaldefence.it\/en\/home-2\/\"},{\"@type\":\"ListItem\",\"position\":2,\"name\":\"Privacy Policy\"}]},{\"@type\":\"WebSite\",\"@id\":\"https:\/\/www.generaldefence.it\/en\/#website\",\"url\":\"https:\/\/www.generaldefence.it\/en\/\",\"name\":\"General Defence\",\"description\":\"Defence &amp; Solution\",\"publisher\":{\"@id\":\"https:\/\/www.generaldefence.it\/en\/#organization\"},\"potentialAction\":[{\"@type\":\"SearchAction\",\"target\":{\"@type\":\"EntryPoint\",\"urlTemplate\":\"https:\/\/www.generaldefence.it\/en\/?s={search_term_string}\"},\"query-input\":{\"@type\":\"PropertyValueSpecification\",\"valueRequired\":true,\"valueName\":\"search_term_string\"}}],\"inLanguage\":\"en-US\"},{\"@type\":\"Organization\",\"@id\":\"https:\/\/www.generaldefence.it\/en\/#organization\",\"name\":\"General Defence\",\"url\":\"https:\/\/www.generaldefence.it\/en\/\",\"logo\":{\"@type\":\"ImageObject\",\"inLanguage\":\"en-US\",\"@id\":\"https:\/\/www.generaldefence.it\/en\/#\/schema\/logo\/image\/\",\"url\":\"https:\/\/www.generaldefence.it\/wp-content\/uploads\/2023\/07\/Logo_GD_Yoast.jpg\",\"contentUrl\":\"https:\/\/www.generaldefence.it\/wp-content\/uploads\/2023\/07\/Logo_GD_Yoast.jpg\",\"width\":500,\"height\":350,\"caption\":\"General Defence\"},\"image\":{\"@id\":\"https:\/\/www.generaldefence.it\/en\/#\/schema\/logo\/image\/\"}}]}<\/script>\n<!-- \/ Yoast SEO plugin. -->","yoast_head_json":{"title":"Privacy Policy - General Defence","robots":{"index":"index","follow":"follow","max-snippet":"max-snippet:-1","max-image-preview":"max-image-preview:large","max-video-preview":"max-video-preview:-1"},"canonical":"https:\/\/www.generaldefence.it\/en\/privacy-policy-2\/","og_locale":"en_US","og_type":"article","og_title":"Privacy Policy - General Defence","og_url":"https:\/\/www.generaldefence.it\/en\/privacy-policy-2\/","og_site_name":"General Defence","article_modified_time":"2024-04-22T12:45:23+00:00","twitter_card":"summary_large_image","twitter_misc":{"Est. reading time":"9 minutes"},"schema":{"@context":"https:\/\/schema.org","@graph":[{"@type":"WebPage","@id":"https:\/\/www.generaldefence.it\/en\/privacy-policy-2\/","url":"https:\/\/www.generaldefence.it\/en\/privacy-policy-2\/","name":"Privacy Policy - General Defence","isPartOf":{"@id":"https:\/\/www.generaldefence.it\/en\/#website"},"datePublished":"2023-05-19T13:46:27+00:00","dateModified":"2024-04-22T12:45:23+00:00","breadcrumb":{"@id":"https:\/\/www.generaldefence.it\/en\/privacy-policy-2\/#breadcrumb"},"inLanguage":"en-US","potentialAction":[{"@type":"ReadAction","target":["https:\/\/www.generaldefence.it\/en\/privacy-policy-2\/"]}]},{"@type":"BreadcrumbList","@id":"https:\/\/www.generaldefence.it\/en\/privacy-policy-2\/#breadcrumb","itemListElement":[{"@type":"ListItem","position":1,"name":"Home","item":"https:\/\/www.generaldefence.it\/en\/home-2\/"},{"@type":"ListItem","position":2,"name":"Privacy Policy"}]},{"@type":"WebSite","@id":"https:\/\/www.generaldefence.it\/en\/#website","url":"https:\/\/www.generaldefence.it\/en\/","name":"General Defence","description":"Defence &amp; Solution","publisher":{"@id":"https:\/\/www.generaldefence.it\/en\/#organization"},"potentialAction":[{"@type":"SearchAction","target":{"@type":"EntryPoint","urlTemplate":"https:\/\/www.generaldefence.it\/en\/?s={search_term_string}"},"query-input":{"@type":"PropertyValueSpecification","valueRequired":true,"valueName":"search_term_string"}}],"inLanguage":"en-US"},{"@type":"Organization","@id":"https:\/\/www.generaldefence.it\/en\/#organization","name":"General Defence","url":"https:\/\/www.generaldefence.it\/en\/","logo":{"@type":"ImageObject","inLanguage":"en-US","@id":"https:\/\/www.generaldefence.it\/en\/#\/schema\/logo\/image\/","url":"https:\/\/www.generaldefence.it\/wp-content\/uploads\/2023\/07\/Logo_GD_Yoast.jpg","contentUrl":"https:\/\/www.generaldefence.it\/wp-content\/uploads\/2023\/07\/Logo_GD_Yoast.jpg","width":500,"height":350,"caption":"General Defence"},"image":{"@id":"https:\/\/www.generaldefence.it\/en\/#\/schema\/logo\/image\/"}}]}},"_links":{"self":[{"href":"https:\/\/www.generaldefence.it\/en\/wp-json\/wp\/v2\/pages\/6280","targetHints":{"allow":["GET"]}}],"collection":[{"href":"https:\/\/www.generaldefence.it\/en\/wp-json\/wp\/v2\/pages"}],"about":[{"href":"https:\/\/www.generaldefence.it\/en\/wp-json\/wp\/v2\/types\/page"}],"author":[{"embeddable":true,"href":"https:\/\/www.generaldefence.it\/en\/wp-json\/wp\/v2\/users\/1"}],"replies":[{"embeddable":true,"href":"https:\/\/www.generaldefence.it\/en\/wp-json\/wp\/v2\/comments?post=6280"}],"version-history":[{"count":5,"href":"https:\/\/www.generaldefence.it\/en\/wp-json\/wp\/v2\/pages\/6280\/revisions"}],"predecessor-version":[{"id":7073,"href":"https:\/\/www.generaldefence.it\/en\/wp-json\/wp\/v2\/pages\/6280\/revisions\/7073"}],"wp:attachment":[{"href":"https:\/\/www.generaldefence.it\/en\/wp-json\/wp\/v2\/media?parent=6280"}],"curies":[{"name":"wp","href":"https:\/\/api.w.org\/{rel}","templated":true}]}}